{"id":11168,"date":"2021-05-12T20:58:32","date_gmt":"2021-05-12T18:58:32","guid":{"rendered":"https:\/\/www.raab-gruppe.de\/brands\/net\/industry-solutions\/bakery-industry\/"},"modified":"2023-01-06T14:48:04","modified_gmt":"2023-01-06T13:48:04","slug":"bakery-industry","status":"publish","type":"page","link":"https:\/\/www.raab-gruppe.de\/en\/brands\/net\/industry-solutions\/bakery-industry\/","title":{"rendered":"Bakery industry"},"content":{"rendered":"<p><div class=\"fusion-fullwidth fullwidth-box fusion-builder-row-1 nonhundred-percent-fullwidth non-hundred-percent-height-scrolling\" style=\"--awb-border-radius-top-left:0px;--awb-border-radius-top-right:0px;--awb-border-radius-bottom-right:0px;--awb-border-radius-bottom-left:0px;--awb-padding-right:0px;--awb-padding-left:0px;--awb-flex-wrap:wrap;\" ><div class=\"fusion-builder-row fusion-row\"><div class=\"fusion-layout-column fusion_builder_column fusion-builder-column-0 fusion_builder_column_2_3 2_3 fusion-two-third fusion-column-first\" style=\"--awb-bg-size:cover;--awb-margin-top:60px;--awb-margin-bottom:0px;width:65.3333%; margin-right: 4%;\"><div class=\"fusion-column-wrapper fusion-column-has-shadow fusion-flex-column-wrapper-legacy\"><div class=\"fusion-title title fusion-title-1 fusion-title-text fusion-title-size-one\" style=\"--awb-margin-top-small:0px;--awb-margin-right-small:0px;--awb-margin-bottom-small:20px;--awb-margin-left-small:0px;\"><h1 class=\"fusion-title-heading title-heading-left fusion-responsive-typography-calculated\" style=\"margin:0;--fontSize:36;line-height:1.3;\">Heat recovery in the bakery industry<\/h1><span class=\"awb-title-spacer\"><\/span><div class=\"title-sep-container\"><div class=\"title-sep sep- sep-solid\" style=\"border-color:#e2e2e2;\"><\/div><\/div><\/div><div class=\"fusion-text fusion-text-1\"><h3>Why is heat recovery useful in bakeries?<\/h3>\n<p><strong>Hardly any other craft or industrial sector requires as much energy as bakeries, on the one hand to reach the necessary operating temperature, and on the other hand to guarantee the production process.<\/strong><\/p>\n<ul>\n<li>Both the hot flue gases from the ovens and the vapor contain energy at enormous levels.<\/li>\n<li>Without heat recovery, vapor or flue gases escape directly into the environment.<\/li>\n<li>With our heat exchangers, around 10% of the burner output can be recovered from the flue gases of baking ovens. In addition, you can recover another 10-15% by installing a vapor condenser.<\/li>\n<\/ul>\n<\/div><div class=\"fusion-clearfix\"><\/div><\/div><\/div><div class=\"fusion-layout-column fusion_builder_column fusion-builder-column-1 fusion_builder_column_1_3 1_3 fusion-one-third fusion-column-last\" style=\"--awb-bg-size:cover;--awb-margin-top:120px;--awb-margin-bottom:0px;width:30.6666%;\"><div class=\"fusion-column-wrapper fusion-column-has-shadow fusion-flex-column-wrapper-legacy\"><div class=\"fusion-image-element in-legacy-container\" style=\"--awb-liftup-border-radius:0px;--awb-caption-title-font-family:var(--h2_typography-font-family);--awb-caption-title-font-weight:var(--h2_typography-font-weight);--awb-caption-title-font-style:var(--h2_typography-font-style);--awb-caption-title-size:var(--h2_typography-font-size);--awb-caption-title-transform:var(--h2_typography-text-transform);--awb-caption-title-line-height:var(--h2_typography-line-height);--awb-caption-title-letter-spacing:var(--h2_typography-letter-spacing);\"><div class=\"awb-image-frame awb-image-frame-1 imageframe-liftup\"><span class=\" fusion-imageframe imageframe-none imageframe-1\"><img decoding=\"async\" width=\"600\" height=\"250\" title=\"baecker\" src=\"\/wp-content\/uploads\/Content\/baecker.jpg\" alt class=\"img-responsive wp-image-10077\" srcset=\"https:\/\/www.raab-gruppe.de\/wp-content\/uploads\/Content\/baecker-200x83.jpg 200w, https:\/\/www.raab-gruppe.de\/wp-content\/uploads\/Content\/baecker-400x167.jpg 400w, https:\/\/www.raab-gruppe.de\/wp-content\/uploads\/Content\/baecker.jpg 600w\" sizes=\"(max-width: 800px) 100vw, 600px\" \/><\/span><\/div><\/div><div class=\"fusion-sep-clear\"><\/div><div class=\"fusion-separator fusion-full-width-sep\" style=\"margin-left: auto;margin-right: auto;margin-top:5px;margin-bottom:5px;width:100%;\"><\/div><div class=\"fusion-sep-clear\"><\/div><div class=\"fusion-clearfix\"><\/div><\/div><\/div><div class=\"fusion-layout-column fusion_builder_column fusion-builder-column-2 fusion_builder_column_1_1 1_1 fusion-one-full fusion-column-first fusion-column-last\" style=\"--awb-padding-top:30px;--awb-bg-size:cover;--awb-margin-bottom:0px;\"><div class=\"fusion-column-wrapper fusion-column-has-shadow fusion-flex-column-wrapper-legacy\"><div class=\"fusion-text fusion-text-2\"><p><strong>Read more here<\/strong><\/p>\n<\/div><div class=\"fusion-content-boxes content-boxes columns row fusion-columns-2 fusion-columns-total-2 fusion-content-boxes-1 content-boxes-icon-with-title content-left\" style=\"--awb-backgroundcolor:#f6f6f6;--awb-margin-top:20px;--awb-margin-bottom:0px;--awb-hover-accent-color:#009add;--awb-circle-hover-accent-color:transparent;\" data-animationOffset=\"top-into-view\"><div style=\"--awb-backgroundcolor:#f6f6f6;--awb-iconcolor:#093c6b;\" class=\"fusion-column content-box-column content-box-column content-box-column-1 col-lg-6 col-md-6 col-sm-6 fusion-content-box-hover content-box-column-first-in-row\"><div class=\"col content-box-wrapper content-wrapper-background link-area-box link-type-text icon-hover-animation-none\" data-link=\"\/wp-content\/uploads\/2021\/05\/Backofen.pdf\" data-link-target=\"_blank\" data-animationOffset=\"top-into-view\"><div class=\"heading heading-with-icon icon-left\"><a class=\"heading-link\" style=\"float:left;\" href=\"\/wp-content\/uploads\/2021\/05\/Backofen.pdf\" target=\"_blank\" rel=\"noopener noreferrer\"><div class=\"icon\"><i style=\"background-color:transparent;border-color:transparent;height:auto;width: 20px;line-height:normal;font-size:20px;\" aria-hidden=\"true\" class=\"fontawesome-icon fa-file-download fas circle-no\"><\/i><\/div><h2 class=\"content-box-heading fusion-responsive-typography-calculated\" style=\"--h2_typography-font-size:22px;--fontSize:22;line-height:1.3;\">Optimal use of waste heat on baking ovens PDF<\/h2><\/a><\/div><\/div><\/div><div style=\"--awb-backgroundcolor:#f6f6f6;--awb-iconcolor:#093c6b;\" class=\"fusion-column content-box-column content-box-column content-box-column-2 col-lg-6 col-md-6 col-sm-6 fusion-content-box-hover content-box-column-last content-box-column-last-in-row\"><div class=\"col content-box-wrapper content-wrapper-background link-area-box link-type-text icon-hover-animation-none\" data-link=\"\/wp-content\/uploads\/2021\/05\/aber_wie.pdf\" data-link-target=\"_blank\" data-animationOffset=\"top-into-view\"><div class=\"heading heading-with-icon icon-left\"><a class=\"heading-link\" style=\"float:left;\" href=\"\/wp-content\/uploads\/2021\/05\/aber_wie.pdf\" target=\"_blank\" rel=\"noopener noreferrer\"><div class=\"icon\"><i style=\"background-color:transparent;border-color:transparent;height:auto;width: 20px;line-height:normal;font-size:20px;\" aria-hidden=\"true\" class=\"fontawesome-icon fa-file-download fas circle-no\"><\/i><\/div><h2 class=\"content-box-heading fusion-responsive-typography-calculated\" style=\"--h2_typography-font-size:22px;--fontSize:22;line-height:1.3;\">Heat recovery - but how? PDF<\/h2><\/a><\/div><\/div><\/div><div class=\"fusion-clearfix\"><\/div><\/div><div class=\"fusion-clearfix\"><\/div><\/div><\/div><div class=\"fusion-layout-column fusion_builder_column fusion-builder-column-3 fusion_builder_column_1_1 1_1 fusion-one-full fusion-column-first fusion-column-last\" style=\"--awb-bg-size:cover;--awb-margin-top:40px;--awb-margin-bottom:0px;\"><div class=\"fusion-column-wrapper fusion-column-has-shadow fusion-flex-column-wrapper-legacy\"><div class=\"fusion-text fusion-text-3\"><h3 style=\"text-align: left\">Flue gas heat exchangers and vapor condensers<\/h3>\n<\/div><div class=\"fusion-clearfix\"><\/div><\/div><\/div><\/div><\/div><div class=\"fusion-fullwidth fullwidth-box fusion-builder-row-2 nonhundred-percent-fullwidth non-hundred-percent-height-scrolling fusion-equal-height-columns\" style=\"--awb-border-radius-top-left:0px;--awb-border-radius-top-right:0px;--awb-border-radius-bottom-right:0px;--awb-border-radius-bottom-left:0px;--awb-margin-top:0px;--awb-flex-wrap:wrap;\" ><div class=\"fusion-builder-row fusion-row\"><div class=\"fusion-layout-column fusion_builder_column fusion-builder-column-4 fusion_builder_column_1_3 1_3 fusion-one-third fusion-column-first\" style=\"--awb-bg-size:cover;--awb-border-color:#d6d6d6;--awb-border-top:1px;--awb-border-right:1px;--awb-border-bottom:1px;--awb-border-left:1px;--awb-border-style:solid;--awb-margin-bottom:0px;width:30.6666%; margin-right: 4%;\"><div class=\"fusion-column-wrapper fusion-column-has-shadow fusion-flex-column-wrapper-legacy\"><div class=\"fusion-image-element in-legacy-container\" style=\"--awb-caption-title-font-family:var(--h2_typography-font-family);--awb-caption-title-font-weight:var(--h2_typography-font-weight);--awb-caption-title-font-style:var(--h2_typography-font-style);--awb-caption-title-size:var(--h2_typography-font-size);--awb-caption-title-transform:var(--h2_typography-text-transform);--awb-caption-title-line-height:var(--h2_typography-line-height);--awb-caption-title-letter-spacing:var(--h2_typography-letter-spacing);\"><span class=\" fusion-imageframe imageframe-none imageframe-2 hover-type-zoomin\"><a href=\"\/wp-content\/uploads\/2021\/05\/b1.jpg\" class=\"fusion-lightbox\" data-rel=\"iLightbox[c2c0ce4b72c0260a47c]\" data-title=\"Aufdachmontage von Abgasw\u00e4rmetauschern. Verrohung mit Ringleitung\" title=\"Aufdachmontage von Abgasw\u00e4rmetauschern. Verrohung mit Ringleitung\"><img decoding=\"async\" width=\"1000\" height=\"750\" src=\"\/wp-content\/uploads\/2021\/05\/b1.jpg\" alt class=\"img-responsive wp-image-9449\" srcset=\"https:\/\/www.raab-gruppe.de\/wp-content\/uploads\/2021\/05\/b1-200x150.jpg 200w, https:\/\/www.raab-gruppe.de\/wp-content\/uploads\/2021\/05\/b1-400x300.jpg 400w, https:\/\/www.raab-gruppe.de\/wp-content\/uploads\/2021\/05\/b1-600x450.jpg 600w, https:\/\/www.raab-gruppe.de\/wp-content\/uploads\/2021\/05\/b1-800x600.jpg 800w, https:\/\/www.raab-gruppe.de\/wp-content\/uploads\/2021\/05\/b1.jpg 1000w\" sizes=\"(max-width: 800px) 100vw, 600px\" \/><\/a><\/span><\/div><div class=\"fusion-sep-clear\"><\/div><div class=\"fusion-separator fusion-full-width-sep\" style=\"margin-left: auto;margin-right: auto;margin-top:5px;margin-bottom:5px;width:100%;\"><\/div><div class=\"fusion-sep-clear\"><\/div><div class=\"fusion-text fusion-text-4 fusion-text-no-margin\" style=\"--awb-font-size:18px;--awb-margin-top:0px;--awb-margin-right:15px;--awb-margin-bottom:15px;--awb-margin-left:15px;\"><p style=\"text-align: center\">Rooftop installation of flue gas heat exchangers. Piping with ring line<\/p>\n<\/div><div class=\"fusion-clearfix\"><\/div><\/div><\/div><div class=\"fusion-layout-column fusion_builder_column fusion-builder-column-5 fusion_builder_column_1_3 1_3 fusion-one-third\" style=\"--awb-bg-size:cover;--awb-border-color:#d6d6d6;--awb-border-top:1px;--awb-border-right:1px;--awb-border-bottom:1px;--awb-border-left:1px;--awb-border-style:solid;--awb-margin-bottom:0px;width:30.6666%; margin-right: 4%;\"><div class=\"fusion-column-wrapper fusion-column-has-shadow fusion-flex-column-wrapper-legacy\"><div class=\"fusion-image-element in-legacy-container\" style=\"--awb-caption-title-font-family:var(--h2_typography-font-family);--awb-caption-title-font-weight:var(--h2_typography-font-weight);--awb-caption-title-font-style:var(--h2_typography-font-style);--awb-caption-title-size:var(--h2_typography-font-size);--awb-caption-title-transform:var(--h2_typography-text-transform);--awb-caption-title-line-height:var(--h2_typography-line-height);--awb-caption-title-letter-spacing:var(--h2_typography-letter-spacing);\"><span class=\" fusion-imageframe imageframe-none imageframe-3 hover-type-zoomin\"><a href=\"\/wp-content\/uploads\/2021\/05\/b2.jpg\" class=\"fusion-lightbox\" data-rel=\"iLightbox[554d3ff0af05db5933a]\" data-title=\"Abgasw\u00e4rmetauscher f\u00fcr Etagen- und Stikken\u00f6fen\" title=\"Abgasw\u00e4rmetauscher f\u00fcr Etagen- und Stikken\u00f6fen\"><img decoding=\"async\" width=\"1000\" height=\"750\" src=\"\/wp-content\/uploads\/2021\/05\/b2.jpg\" alt class=\"img-responsive wp-image-9450\" srcset=\"https:\/\/www.raab-gruppe.de\/wp-content\/uploads\/2021\/05\/b2-200x150.jpg 200w, https:\/\/www.raab-gruppe.de\/wp-content\/uploads\/2021\/05\/b2-400x300.jpg 400w, https:\/\/www.raab-gruppe.de\/wp-content\/uploads\/2021\/05\/b2-600x450.jpg 600w, https:\/\/www.raab-gruppe.de\/wp-content\/uploads\/2021\/05\/b2-800x600.jpg 800w, https:\/\/www.raab-gruppe.de\/wp-content\/uploads\/2021\/05\/b2.jpg 1000w\" sizes=\"(max-width: 800px) 100vw, 600px\" \/><\/a><\/span><\/div><div class=\"fusion-sep-clear\"><\/div><div class=\"fusion-separator fusion-full-width-sep\" style=\"margin-left: auto;margin-right: auto;margin-top:5px;margin-bottom:5px;width:100%;\"><\/div><div class=\"fusion-sep-clear\"><\/div><div class=\"fusion-text fusion-text-5 fusion-text-no-margin\" style=\"--awb-font-size:18px;--awb-margin-top:0px;--awb-margin-right:15px;--awb-margin-bottom:0px;--awb-margin-left:15px;\"><p style=\"text-align: center\">Flue gas heat exchanger for deck and rack ovens<\/p>\n<\/div><div class=\"fusion-clearfix\"><\/div><\/div><\/div><div class=\"fusion-layout-column fusion_builder_column fusion-builder-column-6 fusion_builder_column_1_3 1_3 fusion-one-third fusion-column-last\" style=\"--awb-bg-size:cover;--awb-border-color:#d6d6d6;--awb-border-top:1px;--awb-border-right:1px;--awb-border-bottom:1px;--awb-border-left:1px;--awb-border-style:solid;--awb-margin-bottom:0px;width:30.6666%;\"><div class=\"fusion-column-wrapper fusion-column-has-shadow fusion-flex-column-wrapper-legacy\"><div class=\"fusion-image-element in-legacy-container\" style=\"--awb-caption-title-font-family:var(--h2_typography-font-family);--awb-caption-title-font-weight:var(--h2_typography-font-weight);--awb-caption-title-font-style:var(--h2_typography-font-style);--awb-caption-title-size:var(--h2_typography-font-size);--awb-caption-title-transform:var(--h2_typography-text-transform);--awb-caption-title-line-height:var(--h2_typography-line-height);--awb-caption-title-letter-spacing:var(--h2_typography-letter-spacing);\"><span class=\" fusion-imageframe imageframe-none imageframe-4 hover-type-zoomin\"><a href=\"\/wp-content\/uploads\/2021\/05\/b3.jpg\" class=\"fusion-lightbox\" data-rel=\"iLightbox[ad0fd8904c427744671]\" data-title=\"Abgasw\u00e4rmetauscher auf Etagen\u00f6fen\" title=\"Abgasw\u00e4rmetauscher auf Etagen\u00f6fen\"><img decoding=\"async\" width=\"1000\" height=\"750\" src=\"\/wp-content\/uploads\/2021\/05\/b3.jpg\" alt class=\"img-responsive wp-image-9451\" srcset=\"https:\/\/www.raab-gruppe.de\/wp-content\/uploads\/2021\/05\/b3-200x150.jpg 200w, https:\/\/www.raab-gruppe.de\/wp-content\/uploads\/2021\/05\/b3-400x300.jpg 400w, https:\/\/www.raab-gruppe.de\/wp-content\/uploads\/2021\/05\/b3-600x450.jpg 600w, https:\/\/www.raab-gruppe.de\/wp-content\/uploads\/2021\/05\/b3-800x600.jpg 800w, https:\/\/www.raab-gruppe.de\/wp-content\/uploads\/2021\/05\/b3.jpg 1000w\" sizes=\"(max-width: 800px) 100vw, 600px\" \/><\/a><\/span><\/div><div class=\"fusion-sep-clear\"><\/div><div class=\"fusion-separator fusion-full-width-sep\" style=\"margin-left: auto;margin-right: auto;margin-top:5px;margin-bottom:5px;width:100%;\"><\/div><div class=\"fusion-sep-clear\"><\/div><div class=\"fusion-text fusion-text-6 fusion-text-no-margin\" style=\"--awb-font-size:18px;--awb-margin-top:0px;--awb-margin-right:15px;--awb-margin-bottom:0px;--awb-margin-left:15px;\"><p style=\"text-align: center\">Flue gas heat exchanger on deck furnaces<\/p>\n<\/div><div class=\"fusion-clearfix\"><\/div><\/div><\/div><\/div><\/div><div class=\"fusion-fullwidth fullwidth-box fusion-builder-row-3 nonhundred-percent-fullwidth non-hundred-percent-height-scrolling fusion-equal-height-columns\" style=\"--awb-border-radius-top-left:0px;--awb-border-radius-top-right:0px;--awb-border-radius-bottom-right:0px;--awb-border-radius-bottom-left:0px;--awb-margin-top:60px;--awb-flex-wrap:wrap;\" ><div class=\"fusion-builder-row fusion-row\"><div class=\"fusion-layout-column fusion_builder_column fusion-builder-column-7 fusion_builder_column_1_3 1_3 fusion-one-third fusion-column-first\" style=\"--awb-bg-size:cover;--awb-border-color:#d6d6d6;--awb-border-top:1px;--awb-border-right:1px;--awb-border-bottom:1px;--awb-border-left:1px;--awb-border-style:solid;--awb-margin-bottom:0px;width:30.6666%; margin-right: 4%;\"><div class=\"fusion-column-wrapper fusion-column-has-shadow fusion-flex-column-wrapper-legacy\"><div class=\"fusion-image-element in-legacy-container\" style=\"--awb-caption-title-font-family:var(--h2_typography-font-family);--awb-caption-title-font-weight:var(--h2_typography-font-weight);--awb-caption-title-font-style:var(--h2_typography-font-style);--awb-caption-title-size:var(--h2_typography-font-size);--awb-caption-title-transform:var(--h2_typography-text-transform);--awb-caption-title-line-height:var(--h2_typography-line-height);--awb-caption-title-letter-spacing:var(--h2_typography-letter-spacing);\"><span class=\" fusion-imageframe imageframe-none imageframe-5 hover-type-zoomin\"><a href=\"\/wp-content\/uploads\/2021\/05\/b4.jpg\" class=\"fusion-lightbox\" data-rel=\"iLightbox[9866f4b3ef34532a985]\" data-title=\"Elektronischer Laderegler f\u00fcr Ladepumpen, Stellantribe und weitere Funktionen\" title=\"Elektronischer Laderegler f\u00fcr Ladepumpen, Stellantribe und weitere Funktionen\"><img decoding=\"async\" width=\"1000\" height=\"750\" src=\"\/wp-content\/uploads\/2021\/05\/b4.jpg\" alt class=\"img-responsive wp-image-9452\" srcset=\"https:\/\/www.raab-gruppe.de\/wp-content\/uploads\/2021\/05\/b4-200x150.jpg 200w, https:\/\/www.raab-gruppe.de\/wp-content\/uploads\/2021\/05\/b4-400x300.jpg 400w, https:\/\/www.raab-gruppe.de\/wp-content\/uploads\/2021\/05\/b4-600x450.jpg 600w, https:\/\/www.raab-gruppe.de\/wp-content\/uploads\/2021\/05\/b4-800x600.jpg 800w, https:\/\/www.raab-gruppe.de\/wp-content\/uploads\/2021\/05\/b4.jpg 1000w\" sizes=\"(max-width: 800px) 100vw, 600px\" \/><\/a><\/span><\/div><div class=\"fusion-sep-clear\"><\/div><div class=\"fusion-separator fusion-full-width-sep\" style=\"margin-left: auto;margin-right: auto;margin-top:5px;margin-bottom:5px;width:100%;\"><\/div><div class=\"fusion-sep-clear\"><\/div><div class=\"fusion-text fusion-text-7 fusion-text-no-margin\" style=\"--awb-font-size:18px;--awb-margin-top:0px;--awb-margin-right:15px;--awb-margin-bottom:15px;--awb-margin-left:15px;\"><p style=\"text-align: center\">Electronic charge controller for charge pumps, actuators and other functions<\/p>\n<\/div><div class=\"fusion-clearfix\"><\/div><\/div><\/div><div class=\"fusion-layout-column fusion_builder_column fusion-builder-column-8 fusion_builder_column_1_3 1_3 fusion-one-third\" style=\"--awb-bg-size:cover;--awb-border-color:#d6d6d6;--awb-border-top:1px;--awb-border-right:1px;--awb-border-bottom:1px;--awb-border-left:1px;--awb-border-style:solid;--awb-margin-bottom:0px;width:30.6666%; margin-right: 4%;\"><div class=\"fusion-column-wrapper fusion-column-has-shadow fusion-flex-column-wrapper-legacy\"><div class=\"fusion-image-element in-legacy-container\" style=\"--awb-caption-title-font-family:var(--h2_typography-font-family);--awb-caption-title-font-weight:var(--h2_typography-font-weight);--awb-caption-title-font-style:var(--h2_typography-font-style);--awb-caption-title-size:var(--h2_typography-font-size);--awb-caption-title-transform:var(--h2_typography-text-transform);--awb-caption-title-line-height:var(--h2_typography-line-height);--awb-caption-title-letter-spacing:var(--h2_typography-letter-spacing);\"><span class=\" fusion-imageframe imageframe-none imageframe-6 hover-type-zoomin\"><a href=\"\/wp-content\/uploads\/2021\/05\/b5.jpg\" class=\"fusion-lightbox\" data-rel=\"iLightbox[ab892717d780ef72cbc]\" data-title=\"Schwadekondensator fr\u00fcr Durchlaufofen\" title=\"Schwadekondensator fr\u00fcr Durchlaufofen\"><img decoding=\"async\" width=\"1000\" height=\"750\" src=\"\/wp-content\/uploads\/2021\/05\/b5.jpg\" alt class=\"img-responsive wp-image-9453\" srcset=\"https:\/\/www.raab-gruppe.de\/wp-content\/uploads\/2021\/05\/b5-200x150.jpg 200w, https:\/\/www.raab-gruppe.de\/wp-content\/uploads\/2021\/05\/b5-400x300.jpg 400w, https:\/\/www.raab-gruppe.de\/wp-content\/uploads\/2021\/05\/b5-600x450.jpg 600w, https:\/\/www.raab-gruppe.de\/wp-content\/uploads\/2021\/05\/b5-800x600.jpg 800w, https:\/\/www.raab-gruppe.de\/wp-content\/uploads\/2021\/05\/b5.jpg 1000w\" sizes=\"(max-width: 800px) 100vw, 600px\" \/><\/a><\/span><\/div><div class=\"fusion-sep-clear\"><\/div><div class=\"fusion-separator fusion-full-width-sep\" style=\"margin-left: auto;margin-right: auto;margin-top:5px;margin-bottom:5px;width:100%;\"><\/div><div class=\"fusion-sep-clear\"><\/div><div class=\"fusion-text fusion-text-8 fusion-text-no-margin\" style=\"--awb-font-size:18px;--awb-margin-top:0px;--awb-margin-right:15px;--awb-margin-bottom:0px;--awb-margin-left:15px;\"><p style=\"text-align: center\">Vapor condenser for continuous furnace<\/p>\n<\/div><div class=\"fusion-clearfix\"><\/div><\/div><\/div><div class=\"fusion-layout-column fusion_builder_column fusion-builder-column-9 fusion_builder_column_1_3 1_3 fusion-one-third fusion-column-last\" style=\"--awb-bg-size:cover;--awb-border-color:#d6d6d6;--awb-border-top:1px;--awb-border-right:1px;--awb-border-bottom:1px;--awb-border-left:1px;--awb-border-style:solid;--awb-margin-bottom:0px;width:30.6666%;\"><div class=\"fusion-column-wrapper fusion-column-has-shadow fusion-flex-column-wrapper-legacy\"><div class=\"fusion-image-element in-legacy-container\" style=\"--awb-caption-title-font-family:var(--h2_typography-font-family);--awb-caption-title-font-weight:var(--h2_typography-font-weight);--awb-caption-title-font-style:var(--h2_typography-font-style);--awb-caption-title-size:var(--h2_typography-font-size);--awb-caption-title-transform:var(--h2_typography-text-transform);--awb-caption-title-line-height:var(--h2_typography-line-height);--awb-caption-title-letter-spacing:var(--h2_typography-letter-spacing);\"><span class=\" fusion-imageframe imageframe-none imageframe-7 hover-type-zoomin\"><a href=\"\/wp-content\/uploads\/2021\/05\/b6.jpg\" class=\"fusion-lightbox\" data-rel=\"iLightbox[82c56eca810ba84c0e2]\" data-title=\"Schwadekondensator\" title=\"Schwadekondensator\"><img decoding=\"async\" width=\"1000\" height=\"750\" src=\"\/wp-content\/uploads\/2021\/05\/b6.jpg\" alt class=\"img-responsive wp-image-9454\" srcset=\"https:\/\/www.raab-gruppe.de\/wp-content\/uploads\/2021\/05\/b6-200x150.jpg 200w, https:\/\/www.raab-gruppe.de\/wp-content\/uploads\/2021\/05\/b6-400x300.jpg 400w, https:\/\/www.raab-gruppe.de\/wp-content\/uploads\/2021\/05\/b6-600x450.jpg 600w, https:\/\/www.raab-gruppe.de\/wp-content\/uploads\/2021\/05\/b6-800x600.jpg 800w, https:\/\/www.raab-gruppe.de\/wp-content\/uploads\/2021\/05\/b6.jpg 1000w\" sizes=\"(max-width: 800px) 100vw, 600px\" \/><\/a><\/span><\/div><div class=\"fusion-sep-clear\"><\/div><div class=\"fusion-separator fusion-full-width-sep\" style=\"margin-left: auto;margin-right: auto;margin-top:5px;margin-bottom:5px;width:100%;\"><\/div><div class=\"fusion-sep-clear\"><\/div><div class=\"fusion-text fusion-text-9 fusion-text-no-margin\" style=\"--awb-font-size:18px;--awb-margin-top:0px;--awb-margin-right:15px;--awb-margin-bottom:0px;--awb-margin-left:15px;\"><p style=\"text-align: center\">Vapor condenser for continuous furnace<\/p>\n<\/div><div class=\"fusion-clearfix\"><\/div><\/div><\/div><\/div><\/div><\/p>\n<span class=\"et_bloom_bottom_trigger\"><\/span>","protected":false},"excerpt":{"rendered":"","protected":false},"author":1,"featured_media":0,"parent":11167,"menu_order":0,"comment_status":"closed","ping_status":"closed","template":"","meta":{"footnotes":""},"class_list":["post-11168","page","type-page","status-publish","hentry"],"_links":{"self":[{"href":"https:\/\/www.raab-gruppe.de\/en\/wp-json\/wp\/v2\/pages\/11168","targetHints":{"allow":["GET"]}}],"collection":[{"href":"https:\/\/www.raab-gruppe.de\/en\/wp-json\/wp\/v2\/pages"}],"about":[{"href":"https:\/\/www.raab-gruppe.de\/en\/wp-json\/wp\/v2\/types\/page"}],"author":[{"embeddable":true,"href":"https:\/\/www.raab-gruppe.de\/en\/wp-json\/wp\/v2\/users\/1"}],"replies":[{"embeddable":true,"href":"https:\/\/www.raab-gruppe.de\/en\/wp-json\/wp\/v2\/comments?post=11168"}],"version-history":[{"count":0,"href":"https:\/\/www.raab-gruppe.de\/en\/wp-json\/wp\/v2\/pages\/11168\/revisions"}],"up":[{"embeddable":true,"href":"https:\/\/www.raab-gruppe.de\/en\/wp-json\/wp\/v2\/pages\/11167"}],"wp:attachment":[{"href":"https:\/\/www.raab-gruppe.de\/en\/wp-json\/wp\/v2\/media?parent=11168"}],"curies":[{"name":"wp","href":"https:\/\/api.w.org\/{rel}","templated":true}]}}