{"id":11167,"date":"2019-10-10T06:23:46","date_gmt":"2019-10-10T04:23:46","guid":{"rendered":"https:\/\/www.raab-gruppe.de\/brands\/net\/industry-solutions\/"},"modified":"2023-01-06T14:47:29","modified_gmt":"2023-01-06T13:47:29","slug":"industry-solutions","status":"publish","type":"page","link":"https:\/\/www.raab-gruppe.de\/en\/brands\/net\/industry-solutions\/","title":{"rendered":"Industry solutions"},"content":{"rendered":"<p><div class=\"fusion-fullwidth fullwidth-box fusion-builder-row-1 nonhundred-percent-fullwidth non-hundred-percent-height-scrolling\" style=\"--awb-border-sizes-top:0px;--awb-border-sizes-bottom:0px;--awb-border-sizes-left:0px;--awb-border-sizes-right:0px;--awb-border-radius-top-left:0px;--awb-border-radius-top-right:0px;--awb-border-radius-bottom-right:0px;--awb-border-radius-bottom-left:0px;--awb-padding-top:0px;--awb-padding-bottom:0px;--awb-margin-top:40px;--awb-margin-bottom:0px;--awb-flex-wrap:wrap;\" ><div class=\"fusion-builder-row fusion-row\"><div class=\"fusion-layout-column fusion_builder_column fusion-builder-column-0 fusion_builder_column_1_2 1_2 fusion-one-half fusion-column-first\" style=\"--awb-bg-size:cover;--awb-margin-top:40px;--awb-margin-bottom:100px;width:48%; margin-right: 4%;\"><div class=\"fusion-column-wrapper fusion-column-has-shadow fusion-flex-column-wrapper-legacy\"><div class=\"fusion-title title fusion-title-1 fusion-title-text fusion-title-size-one\" style=\"--awb-margin-top-small:0px;--awb-margin-right-small:0px;--awb-margin-bottom-small:20px;--awb-margin-left-small:0px;\"><h1 class=\"fusion-title-heading title-heading-left fusion-responsive-typography-calculated\" style=\"margin:0;--fontSize:36;line-height:1.3;\">Heat recovery in energy-intensive industrial plants<\/h1><span class=\"awb-title-spacer\"><\/span><div class=\"title-sep-container\"><div class=\"title-sep sep- sep-solid\" style=\"border-color:#e2e2e2;\"><\/div><\/div><\/div><div class=\"fusion-text fusion-text-1\"><p>Nowadays, it is becoming increasingly important for all consumers to use energy as effectively as possible. Especially in energy-intensive industrial plants, a great deal can be achieved through heat recovery. These include, above all:<\/p>\n<ul>\n<li>Large bakeries and other manufacturing companies from the food industry<\/li>\n<li>Hardening shops<\/li>\n<li>Foundries<\/li>\n<li>Metalworking companies<\/li>\n<li>Company from the field of plastics manufacturing<\/li>\n<li>Various plants with thermal processes<\/li>\n<li>Companies that burn industrial solvents<\/li>\n<\/ul>\n<\/div><div class=\"fusion-clearfix\"><\/div><\/div><\/div><div class=\"fusion-layout-column fusion_builder_column fusion-builder-column-1 fusion_builder_column_1_2 1_2 fusion-one-half fusion-column-last\" style=\"--awb-bg-size:cover;--awb-margin-top:40px;--awb-margin-bottom:100px;width:48%;\"><div class=\"fusion-column-wrapper fusion-column-has-shadow fusion-flex-column-wrapper-legacy\"><div class=\"fusion-image-element in-legacy-container\" style=\"--awb-liftup-border-radius:0px;--awb-caption-title-font-family:var(--h2_typography-font-family);--awb-caption-title-font-weight:var(--h2_typography-font-weight);--awb-caption-title-font-style:var(--h2_typography-font-style);--awb-caption-title-size:var(--h2_typography-font-size);--awb-caption-title-transform:var(--h2_typography-text-transform);--awb-caption-title-line-height:var(--h2_typography-line-height);--awb-caption-title-letter-spacing:var(--h2_typography-letter-spacing);\"><div class=\"awb-image-frame awb-image-frame-1 imageframe-liftup\"><span class=\" fusion-imageframe imageframe-none imageframe-1\"><img decoding=\"async\" width=\"800\" height=\"456\" src=\"\/wp-content\/uploads\/2021\/03\/Branchen.jpg\" alt class=\"img-responsive wp-image-9166\" srcset=\"https:\/\/www.raab-gruppe.de\/wp-content\/uploads\/2021\/03\/Branchen-200x114.jpg 200w, https:\/\/www.raab-gruppe.de\/wp-content\/uploads\/2021\/03\/Branchen-400x228.jpg 400w, https:\/\/www.raab-gruppe.de\/wp-content\/uploads\/2021\/03\/Branchen-600x342.jpg 600w, https:\/\/www.raab-gruppe.de\/wp-content\/uploads\/2021\/03\/Branchen.jpg 800w\" sizes=\"(max-width: 800px) 100vw, 800px\" \/><\/span><\/div><\/div><div class=\"fusion-clearfix\"><\/div><\/div><\/div><div class=\"fusion-layout-column fusion_builder_column fusion-builder-column-2 fusion_builder_column_1_1 1_1 fusion-one-full fusion-column-first fusion-column-last\" style=\"--awb-bg-size:cover;--awb-margin-bottom:30px;\"><div class=\"fusion-column-wrapper fusion-column-has-shadow fusion-flex-column-wrapper-legacy\"><div class=\"fusion-text fusion-text-2\" style=\"--awb-font-size:24px;\"><\/div><div class=\"fusion-clearfix\"><\/div><\/div><\/div><div class=\"fusion-layout-column fusion_builder_column fusion-builder-column-3 fusion_builder_column_1_1 1_1 fusion-one-full fusion-column-first fusion-column-last\" style=\"--awb-bg-size:cover;--awb-margin-bottom:0px;\"><div class=\"fusion-column-wrapper fusion-column-has-shadow fusion-flex-column-wrapper-legacy\"><div class=\"fusion-section-separator section-separator triangle fusion-section-separator-1\" style=\"--awb-border-bottom:1px solid #f6f6f6;--awb-spacer-height:1px;--awb-svg-margin-left:0;--awb-svg-margin-right:0;--awb-icon-color:#ffffff;\"><div class=\"fusion-section-separator-svg\"><div class=\"divider-candy-arrow bottom\" style=\"top:0px;border-top-color: #ffffff;\"><\/div><div class=\"divider-candy bottom\" style=\"bottom:-21px;border-bottom:1px solid #f6f6f6;border-left:1px solid #f6f6f6;\"><\/div><\/div><div class=\"fusion-section-separator-spacer\"><div class=\"fusion-section-separator-spacer-height\"><\/div><\/div><\/div><div class=\"fusion-clearfix\"><\/div><\/div><\/div><\/div><\/div><div class=\"fusion-fullwidth fullwidth-box fusion-builder-row-2 nonhundred-percent-fullwidth non-hundred-percent-height-scrolling fusion-equal-height-columns\" style=\"--awb-background-position:left top;--awb-border-sizes-top:0px;--awb-border-sizes-bottom:0px;--awb-border-sizes-left:0px;--awb-border-sizes-right:0px;--awb-border-radius-top-left:0px;--awb-border-radius-top-right:0px;--awb-border-radius-bottom-right:0px;--awb-border-radius-bottom-left:0px;--awb-padding-top:80px;--awb-padding-bottom:60px;--awb-background-color:#f6f6f6;--awb-flex-wrap:wrap;\" ><div class=\"fusion-builder-row fusion-row\"><div class=\"fusion-layout-column fusion_builder_column fusion-builder-column-4 fusion_builder_column_1_2 1_2 fusion-one-half fusion-column-first\" style=\"--awb-padding-top:5%;--awb-padding-right:5%;--awb-padding-bottom:5%;--awb-padding-left:5%;--awb-bg-color:#ffffff;--awb-bg-color-hover:#ffffff;--awb-bg-size:cover;--awb-box-shadow:0px 10px 21px -13px #093c6b;;--awb-border-color:#95c11f;--awb-border-top:0px;--awb-border-right:0px;--awb-border-bottom:2px;--awb-border-left:0px;--awb-border-style:solid;--awb-filter:opacity(90%);--awb-filter-transition:filter 0.3s ease;--awb-filter-hover:opacity(100%);--awb-margin-bottom:40px;width:48%; margin-right: 4%;\"><div class=\"fusion-column-wrapper fusion-column-has-shadow fusion-flex-column-wrapper-legacy\"><div class=\"fusion-image-element in-legacy-container\" style=\"--awb-caption-title-font-family:var(--h2_typography-font-family);--awb-caption-title-font-weight:var(--h2_typography-font-weight);--awb-caption-title-font-style:var(--h2_typography-font-style);--awb-caption-title-size:var(--h2_typography-font-size);--awb-caption-title-transform:var(--h2_typography-text-transform);--awb-caption-title-line-height:var(--h2_typography-line-height);--awb-caption-title-letter-spacing:var(--h2_typography-letter-spacing);\"><span class=\" fusion-imageframe imageframe-none imageframe-2 hover-type-zoomin\"><a class=\"fusion-no-lightbox\" href=\"\/marken\/net\/branchen\/baeckereigewerbe\/\" target=\"_self\" aria-label=\"baecker\"><img decoding=\"async\" width=\"600\" height=\"250\" src=\"\/wp-content\/uploads\/Content\/baecker.jpg\" alt class=\"img-responsive wp-image-10077\" srcset=\"https:\/\/www.raab-gruppe.de\/wp-content\/uploads\/Content\/baecker-200x83.jpg 200w, https:\/\/www.raab-gruppe.de\/wp-content\/uploads\/Content\/baecker-400x167.jpg 400w, https:\/\/www.raab-gruppe.de\/wp-content\/uploads\/Content\/baecker.jpg 600w\" sizes=\"(max-width: 800px) 100vw, 600px\" \/><\/a><\/span><\/div><div class=\"fusion-sep-clear\"><\/div><div class=\"fusion-separator fusion-full-width-sep\" style=\"margin-left: auto;margin-right: auto;margin-top:15px;margin-bottom:15px;width:100%;\"><div class=\"fusion-separator-border sep-double\" style=\"--awb-height:20px;--awb-amount:20px;border-color:#e0dede;border-top-width:0px;border-bottom-width:0px;\"><\/div><\/div><div class=\"fusion-sep-clear\"><\/div><div class=\"fusion-text fusion-text-3\"><h2 style=\"text-align: center\">Bakery industry<\/h2>\n<p style=\"text-align: center\">Heat recovery with ovens<br \/>\nThere is hardly any other craft or industrial sector that requires as much energy as bakeries, on the one hand to reach the necessary operating temperature, and on the other hand to guarantee the production process.<\/p>\n<\/div><div class=\"fusion-sep-clear\"><\/div><div class=\"fusion-separator fusion-full-width-sep\" style=\"margin-left: auto;margin-right: auto;margin-top:5px;margin-bottom:5px;width:100%;\"><\/div><div class=\"fusion-sep-clear\"><\/div><div class=\"fusion-button-wrapper fusion-aligncenter\"><a class=\"fusion-button button-flat button-small button-custom fusion-button-default button-1 fusion-button-default-span fusion-button-default-type\" style=\"--button_accent_color:#ffffff;--button_border_color:#95c11f;--button_accent_hover_color:rgba(255,255,255,0.85);--button_border_hover_color:rgba(149,193,31,0.85);--button_gradient_top_color:#95c11f;--button_gradient_bottom_color:#95c11f;--button_gradient_top_color_hover:rgba(149,193,31,0.85);--button_gradient_bottom_color_hover:rgba(149,193,31,0.85);\" target=\"_self\" href=\"\/marken\/net\/branchen\/baeckereigewerbe\/\"><span class=\"fusion-button-text awb-button__text awb-button__text--default\">Read more<\/span><\/a><\/div><div class=\"fusion-clearfix\"><\/div><\/div><\/div><div class=\"fusion-layout-column fusion_builder_column fusion-builder-column-5 fusion_builder_column_1_2 1_2 fusion-one-half fusion-column-last\" style=\"--awb-padding-top:5%;--awb-padding-right:5%;--awb-padding-bottom:5%;--awb-padding-left:5%;--awb-bg-color:#ffffff;--awb-bg-color-hover:#ffffff;--awb-bg-size:cover;--awb-box-shadow:0px 10px 21px -13px #093c6b;;--awb-border-color:#95c11f;--awb-border-top:0px;--awb-border-right:0px;--awb-border-bottom:2px;--awb-border-left:0px;--awb-border-style:solid;--awb-filter:opacity(90%);--awb-filter-transition:filter 0.3s ease;--awb-filter-hover:opacity(100%);--awb-margin-bottom:40px;width:48%;\"><div class=\"fusion-column-wrapper fusion-column-has-shadow fusion-flex-column-wrapper-legacy\"><div class=\"fusion-image-element in-legacy-container\" style=\"--awb-caption-title-font-family:var(--h2_typography-font-family);--awb-caption-title-font-weight:var(--h2_typography-font-weight);--awb-caption-title-font-style:var(--h2_typography-font-style);--awb-caption-title-size:var(--h2_typography-font-size);--awb-caption-title-transform:var(--h2_typography-text-transform);--awb-caption-title-line-height:var(--h2_typography-line-height);--awb-caption-title-letter-spacing:var(--h2_typography-letter-spacing);\"><span class=\" fusion-imageframe imageframe-none imageframe-3 hover-type-zoomin\"><a class=\"fusion-no-lightbox\" href=\"\/marken\/net\/branchen\/gewerbe-und-industrie\/\" target=\"_self\" aria-label=\"industrie\"><img decoding=\"async\" width=\"600\" height=\"250\" src=\"\/wp-content\/uploads\/Content\/industrie.jpg\" alt class=\"img-responsive wp-image-10078\" srcset=\"https:\/\/www.raab-gruppe.de\/wp-content\/uploads\/Content\/industrie-200x83.jpg 200w, https:\/\/www.raab-gruppe.de\/wp-content\/uploads\/Content\/industrie-400x167.jpg 400w, https:\/\/www.raab-gruppe.de\/wp-content\/uploads\/Content\/industrie.jpg 600w\" sizes=\"(max-width: 800px) 100vw, 600px\" \/><\/a><\/span><\/div><div class=\"fusion-sep-clear\"><\/div><div class=\"fusion-separator fusion-full-width-sep\" style=\"margin-left: auto;margin-right: auto;margin-top:15px;margin-bottom:15px;width:100%;\"><div class=\"fusion-separator-border sep-double\" style=\"--awb-height:20px;--awb-amount:20px;border-color:#e0dede;border-top-width:0px;border-bottom-width:0px;\"><\/div><\/div><div class=\"fusion-sep-clear\"><\/div><div class=\"fusion-text fusion-text-4\"><h2 style=\"text-align: center\">Commerce and industry<\/h2>\n<p style=\"text-align: center\">Energy and CO2 savings<br \/>\nDurch W\u00e4rmer\u00fcckgewinnungsanlagen wird die Abw\u00e4rme des Abgases m\u00f6glichst effektiv auf Wasser \u00fcbertragen, das durch das Register des W\u00e4rmetauschers flie\u00dft. In this way, the flue gases are cooled and the heated water can be recycled and used elsewhere.<\/p>\n<\/div><div class=\"fusion-button-wrapper fusion-aligncenter\"><a class=\"fusion-button button-flat button-small button-custom fusion-button-default button-2 fusion-button-default-span fusion-button-default-type\" style=\"--button_accent_color:#ffffff;--button_border_color:#95c11f;--button_accent_hover_color:rgba(255,255,255,0.85);--button_border_hover_color:rgba(149,193,31,0.85);--button_gradient_top_color:#95c11f;--button_gradient_bottom_color:#95c11f;--button_gradient_top_color_hover:rgba(149,193,31,0.85);--button_gradient_bottom_color_hover:rgba(149,193,31,0.85);\" target=\"_self\" href=\"\/marken\/net\/branchen\/gewerbe-und-industrie\/\"><span class=\"fusion-button-text awb-button__text awb-button__text--default\">Read more<\/span><\/a><\/div><div class=\"fusion-sep-clear\"><\/div><div class=\"fusion-separator fusion-full-width-sep\" style=\"margin-left: auto;margin-right: auto;margin-top:5px;margin-bottom:5px;width:100%;\"><\/div><div class=\"fusion-sep-clear\"><\/div><div class=\"fusion-clearfix\"><\/div><\/div><\/div><\/div><\/div><\/p>\n<span class=\"et_bloom_bottom_trigger\"><\/span>","protected":false},"excerpt":{"rendered":"","protected":false},"author":1,"featured_media":0,"parent":11166,"menu_order":0,"comment_status":"closed","ping_status":"closed","template":"100-width.php","meta":{"footnotes":""},"class_list":["post-11167","page","type-page","status-publish","hentry"],"_links":{"self":[{"href":"https:\/\/www.raab-gruppe.de\/en\/wp-json\/wp\/v2\/pages\/11167","targetHints":{"allow":["GET"]}}],"collection":[{"href":"https:\/\/www.raab-gruppe.de\/en\/wp-json\/wp\/v2\/pages"}],"about":[{"href":"https:\/\/www.raab-gruppe.de\/en\/wp-json\/wp\/v2\/types\/page"}],"author":[{"embeddable":true,"href":"https:\/\/www.raab-gruppe.de\/en\/wp-json\/wp\/v2\/users\/1"}],"replies":[{"embeddable":true,"href":"https:\/\/www.raab-gruppe.de\/en\/wp-json\/wp\/v2\/comments?post=11167"}],"version-history":[{"count":0,"href":"https:\/\/www.raab-gruppe.de\/en\/wp-json\/wp\/v2\/pages\/11167\/revisions"}],"up":[{"embeddable":true,"href":"https:\/\/www.raab-gruppe.de\/en\/wp-json\/wp\/v2\/pages\/11166"}],"wp:attachment":[{"href":"https:\/\/www.raab-gruppe.de\/en\/wp-json\/wp\/v2\/media?parent=11167"}],"curies":[{"name":"wp","href":"https:\/\/api.w.org\/{rel}","templated":true}]}}